{"id":6769,"date":"2015-05-28T15:00:16","date_gmt":"2015-05-28T15:00:16","guid":{"rendered":"http:\/\/seventhqueen.com\/themes\/kleo\/?page_id=6769"},"modified":"2026-05-08T22:32:29","modified_gmt":"2026-05-08T22:32:29","slug":"get-connected","status":"publish","type":"page","link":"https:\/\/referendum.pl\/","title":{"rendered":"Referendum.pl"},"content":{"rendered":"<div class=\"rcv-home\">\n    <nav class=\"rcv-home-nav\" aria-label=\"Sekcje portalu\">\n        <a href=\"https:\/\/referendum.pl\/grupy\/\">Tematy<\/a>\n        <a href=\"#najpopularniejsze\">Najwa\u017cniejsze pytania<\/a>\n        <a href=\"https:\/\/referendum.pl\/aktywnosc\/\">Aktywno\u015b\u0107<\/a>\n        <a href=\"https:\/\/referendum.pl\/zarejestruj-sie\/\">Do\u0142\u0105cz<\/a>\n    <\/nav>\n\n            <section class=\"rcv-home-hero\">\n            <div class=\"rcv-home-hero__body\">\n                <p class=\"rcv-kicker\">Referendum.pl<\/p>\n                <h1>G\u0142osowania obywatelskie TAK\/NIE<\/h1>\n                <p class=\"rcv-home-hero__seo\">\n                    Referendum.pl to obywatelska platforma g\u0142osowa\u0144, kt\u00f3ra pokazuje nastroje spo\u0142eczne wok\u00f3\u0142 najwa\u017cniejszych decyzji publicznych. Wybierz temat, poznaj argumenty i oddaj g\u0142os, aby wsp\u00f3\u0142tworzy\u0107 publiczn\u0105 map\u0119 opinii.                <\/p>\n                <div class=\"rcv-home-hero__featured\">\n                    <span>Gor\u0105cy temat<\/span>\n                    <h2>Referendum w sprawie koszt\u00f3w polityki klimatycznej UE<\/h2>\n                    <p>Referendum klimatyczne dotyczy tego, czy Polska powinna kontynuowa\u0107 realizacj\u0119 obecnej polityki klimatycznej Unii Europejskiej w sytuacji rosn\u0105cych koszt\u00f3w energii, ogrzewania, transportu, dzia\u0142alno\u015bci gospodarczej i rolnictwa. To g\u0142osowanie pozwala sprawdzi\u0107, jak&hellip;<\/p>\n                <\/div>\n                <div class=\"rcv-home-hero__actions\">\n                    <a class=\"rcv-home-button rcv-home-button--primary\" href=\"https:\/\/referendum.pl\/grupy\/referendum-w-sprawie-kosztow-polityki-klimatycznej-ue\/glosowanie\/\">Oddaj g\u0142os w gor\u0105cym temacie<\/a>\n                    <a class=\"rcv-home-button\" href=\"#najpopularniejsze\">Zobacz tematy referendalne<\/a>\n                <\/div>\n            <\/div>\n            <div class=\"rcv-home-hero__stats\">\n                <span>Liczba g\u0142os\u00f3w<\/span>\n                <strong class=\"rcv-home-hero__total\">559<\/strong>\n                <div class=\"rcv-home-result-bar\" aria-hidden=\"true\">\n                    <span class=\"rcv-home-result-bar__yes\" style=\"width: 31.1%;\"><\/span>\n                <\/div>\n                <div class=\"rcv-home-hero__split\">\n                    <strong>31.1% <span>TAK<\/span><\/strong>\n                    <strong>68.9% <span>NIE<\/span><\/strong>\n                <\/div>\n            <\/div>\n        <\/section>\n    \n    <section id=\"najpopularniejsze\" class=\"rcv-home-section\">\n        <div class=\"rcv-home-section__head\">\n            <p class=\"rcv-kicker\">Tematy obywatelskie<\/p>\n            <h2>Pytania referendalne<\/h2>\n            <p>Sprawd\u017a aktualne pytania, por\u00f3wnaj rozk\u0142ad g\u0142os\u00f3w i przejd\u017a do tematu, przy kt\u00f3rym chcesz zabra\u0107 g\u0142os.<\/p>\n        <\/div>\n\n        <div class=\"rcv-home-grid\">\n                                            <article class=\"rcv-home-card\">\n                    <h3>Referendum 2023: relokacja nielegalnych imigrant\u00f3w<\/h3>\n                    <p>Czy popierasz przyj\u0119cie tysi\u0119cy nielegalnych imigrant\u00f3w z Bliskiego Wschodu i Afryki, zgodnie z przymusowym mechanizmem relokacji narzucanym przez biurokracj\u0119 europejsk\u0105?<\/p>\n                    <div class=\"rcv-home-card__votes\">\n                        <span>Liczba g\u0142os\u00f3w<\/span>\n                        <strong>338<\/strong>\n                        <div class=\"rcv-home-result-bar\" aria-hidden=\"true\">\n                            <span class=\"rcv-home-result-bar__yes\" style=\"width: 3.6%;\"><\/span>\n                        <\/div>\n                        <div class=\"rcv-home-card__split\">\n                            <span>3.6% TAK<\/span>\n                            <span>96.4% NIE<\/span>\n                        <\/div>\n                    <\/div>\n                    <a href=\"https:\/\/referendum.pl\/grupy\/referendum-2023-relokacja-nielegalnych-imigrantow\/glosowanie\/\">A jakie jest Twoje zdanie?<\/a>\n                <\/article>\n                                            <article class=\"rcv-home-card\">\n                    <h3>Referendum 2023: bariera na granicy z Bia\u0142orusi\u0105<\/h3>\n                    <p>Czy popierasz likwidacj\u0119 bariery na granicy Rzeczypospolitej Polskiej z Republik\u0105 Bia\u0142orusi?<\/p>\n                    <div class=\"rcv-home-card__votes\">\n                        <span>Liczba g\u0142os\u00f3w<\/span>\n                        <strong>264<\/strong>\n                        <div class=\"rcv-home-result-bar\" aria-hidden=\"true\">\n                            <span class=\"rcv-home-result-bar__yes\" style=\"width: 3.8%;\"><\/span>\n                        <\/div>\n                        <div class=\"rcv-home-card__split\">\n                            <span>3.8% TAK<\/span>\n                            <span>96.2% NIE<\/span>\n                        <\/div>\n                    <\/div>\n                    <a href=\"https:\/\/referendum.pl\/grupy\/referendum-2023-bariera-na-granicy-z-bialorusia\/glosowanie\/\">A jakie jest Twoje zdanie?<\/a>\n                <\/article>\n                                            <article class=\"rcv-home-card\">\n                    <h3>Referendum 2023: wiek emerytalny<\/h3>\n                    <p>Czy popierasz podniesienie wieku emerytalnego, w tym przywr\u00f3cenie podwy\u017cszonego do 67 lat wieku emerytalnego dla kobiet i m\u0119\u017cczyzn?<\/p>\n                    <div class=\"rcv-home-card__votes\">\n                        <span>Liczba g\u0142os\u00f3w<\/span>\n                        <strong>221<\/strong>\n                        <div class=\"rcv-home-result-bar\" aria-hidden=\"true\">\n                            <span class=\"rcv-home-result-bar__yes\" style=\"width: 5.4%;\"><\/span>\n                        <\/div>\n                        <div class=\"rcv-home-card__split\">\n                            <span>5.4% TAK<\/span>\n                            <span>94.6% NIE<\/span>\n                        <\/div>\n                    <\/div>\n                    <a href=\"https:\/\/referendum.pl\/grupy\/referendum-2023-wiek-emerytalny\/glosowanie\/\">A jakie jest Twoje zdanie?<\/a>\n                <\/article>\n                                            <article class=\"rcv-home-card\">\n                    <h3>Referendum 2023: wyprzeda\u017c maj\u0105tku pa\u0144stwowego<\/h3>\n                    <p>Czy popierasz wyprzeda\u017c maj\u0105tku pa\u0144stwowego podmiotom zagranicznym, prowadz\u0105c\u0105 do utraty kontroli Polek i Polak\u00f3w nad strategicznymi sektorami gospodarki?<\/p>\n                    <div class=\"rcv-home-card__votes\">\n                        <span>Liczba g\u0142os\u00f3w<\/span>\n                        <strong>248<\/strong>\n                        <div class=\"rcv-home-result-bar\" aria-hidden=\"true\">\n                            <span class=\"rcv-home-result-bar__yes\" style=\"width: 3.6%;\"><\/span>\n                        <\/div>\n                        <div class=\"rcv-home-card__split\">\n                            <span>3.6% TAK<\/span>\n                            <span>96.4% NIE<\/span>\n                        <\/div>\n                    <\/div>\n                    <a href=\"https:\/\/referendum.pl\/grupy\/referendum-2023-wyprzedaz-majatku-panstwowego\/glosowanie\/\">A jakie jest Twoje zdanie?<\/a>\n                <\/article>\n                                            <article class=\"rcv-home-card\">\n                    <h3>Referendum w sprawie finansowania lekcji religii z bud\u017cetu pa\u0144stwa<\/h3>\n                    <p>Czy lekcje religii powinny by\u0107 finansowane z bud\u017cetu pa\u0144stwa?<\/p>\n                    <div class=\"rcv-home-card__votes\">\n                        <span>Liczba g\u0142os\u00f3w<\/span>\n                        <strong>312<\/strong>\n                        <div class=\"rcv-home-result-bar\" aria-hidden=\"true\">\n                            <span class=\"rcv-home-result-bar__yes\" style=\"width: 39.1%;\"><\/span>\n                        <\/div>\n                        <div class=\"rcv-home-card__split\">\n                            <span>39.1% TAK<\/span>\n                            <span>60.9% NIE<\/span>\n                        <\/div>\n                    <\/div>\n                    <a href=\"https:\/\/referendum.pl\/grupy\/referendum-w-sprawie-finansowania-lekcji-religii-z-budzetu-panstwa\/glosowanie\/\">A jakie jest Twoje zdanie?<\/a>\n                <\/article>\n                                            <article class=\"rcv-home-card\">\n                    <h3>Referendum w sprawie ograniczenia liczby kadencji pos\u0142\u00f3w<\/h3>\n                    <p>Czy nale\u017cy ograniczy\u0107 liczb\u0119 kadencji pos\u0142\u00f3w?<\/p>\n                    <div class=\"rcv-home-card__votes\">\n                        <span>Liczba g\u0142os\u00f3w<\/span>\n                        <strong>219<\/strong>\n                        <div class=\"rcv-home-result-bar\" aria-hidden=\"true\">\n                            <span class=\"rcv-home-result-bar__yes\" style=\"width: 80.8%;\"><\/span>\n                        <\/div>\n                        <div class=\"rcv-home-card__split\">\n                            <span>80.8% TAK<\/span>\n                            <span>19.2% NIE<\/span>\n                        <\/div>\n                    <\/div>\n                    <a href=\"https:\/\/referendum.pl\/grupy\/referendum-w-sprawie-ograniczenia-liczby-kadencji-poslow\/glosowanie\/\">A jakie jest Twoje zdanie?<\/a>\n                <\/article>\n                                            <article class=\"rcv-home-card\">\n                    <h3>Referendum w sprawie g\u0142osowania przez internet<\/h3>\n                    <p>Czy g\u0142osowanie przez internet powinno by\u0107 dopuszczone w Polsce?<\/p>\n                    <div class=\"rcv-home-card__votes\">\n                        <span>Liczba g\u0142os\u00f3w<\/span>\n                        <strong>166<\/strong>\n                        <div class=\"rcv-home-result-bar\" aria-hidden=\"true\">\n                            <span class=\"rcv-home-result-bar__yes\" style=\"width: 57.8%;\"><\/span>\n                        <\/div>\n                        <div class=\"rcv-home-card__split\">\n                            <span>57.8% TAK<\/span>\n                            <span>42.2% NIE<\/span>\n                        <\/div>\n                    <\/div>\n                    <a href=\"https:\/\/referendum.pl\/grupy\/referendum-w-sprawie-glosowania-przez-internet\/glosowanie\/\">A jakie jest Twoje zdanie?<\/a>\n                <\/article>\n                                            <article class=\"rcv-home-card\">\n                    <h3>Referendum w sprawie wi\u0119kszej liczby referend\u00f3w og\u00f3lnokrajowych<\/h3>\n                    <p>Czy w Polsce powinno by\u0107 wi\u0119cej referend\u00f3w og\u00f3lnokrajowych?<\/p>\n                    <div class=\"rcv-home-card__votes\">\n                        <span>Liczba g\u0142os\u00f3w<\/span>\n                        <strong>193<\/strong>\n                        <div class=\"rcv-home-result-bar\" aria-hidden=\"true\">\n                            <span class=\"rcv-home-result-bar__yes\" style=\"width: 72%;\"><\/span>\n                        <\/div>\n                        <div class=\"rcv-home-card__split\">\n                            <span>72% TAK<\/span>\n                            <span>28% NIE<\/span>\n                        <\/div>\n                    <\/div>\n                    <a href=\"https:\/\/referendum.pl\/grupy\/referendum-w-sprawie-wiekszej-liczby-referendow-ogolnokrajowych\/glosowanie\/\">A jakie jest Twoje zdanie?<\/a>\n                <\/article>\n                                            <article class=\"rcv-home-card\">\n                    <h3>Referendum w sprawie koszt\u00f3w polityki klimatycznej UE<\/h3>\n                    <p>Czy jest Pani\/Pan za realizacj\u0105 polityki klimatycznej, kt\u00f3ra doprowadzi\u0142a do wzrostu koszt\u00f3w \u017cycia obywateli, cen energii i prowadzenia dzia\u0142alno\u015bci gospodarczej i rolniczej?<\/p>\n                    <div class=\"rcv-home-card__votes\">\n                        <span>Liczba g\u0142os\u00f3w<\/span>\n                        <strong>559<\/strong>\n                        <div class=\"rcv-home-result-bar\" aria-hidden=\"true\">\n                            <span class=\"rcv-home-result-bar__yes\" style=\"width: 31.1%;\"><\/span>\n                        <\/div>\n                        <div class=\"rcv-home-card__split\">\n                            <span>31.1% TAK<\/span>\n                            <span>68.9% NIE<\/span>\n                        <\/div>\n                    <\/div>\n                    <a href=\"https:\/\/referendum.pl\/grupy\/referendum-w-sprawie-kosztow-polityki-klimatycznej-ue\/glosowanie\/\">A jakie jest Twoje zdanie?<\/a>\n                <\/article>\n                                            <article class=\"rcv-home-card\">\n                    <h3>Referendum w sprawie przyj\u0119cia euro w Polsce<\/h3>\n                    <p>Czy Polska powinna przyj\u0105\u0107 euro?<\/p>\n                    <div class=\"rcv-home-card__votes\">\n                        <span>Liczba g\u0142os\u00f3w<\/span>\n                        <strong>284<\/strong>\n                        <div class=\"rcv-home-result-bar\" aria-hidden=\"true\">\n                            <span class=\"rcv-home-result-bar__yes\" style=\"width: 46.1%;\"><\/span>\n                        <\/div>\n                        <div class=\"rcv-home-card__split\">\n                            <span>46.1% TAK<\/span>\n                            <span>53.9% NIE<\/span>\n                        <\/div>\n                    <\/div>\n                    <a href=\"https:\/\/referendum.pl\/grupy\/referendum-w-sprawie-przyjecia-euro-w-polsce\/glosowanie\/\">A jakie jest Twoje zdanie?<\/a>\n                <\/article>\n                    <\/div>\n    <\/section>\n<\/div>\n\n","protected":false},"excerpt":{"rendered":"","protected":false},"author":1,"featured_media":0,"parent":0,"menu_order":0,"comment_status":"open","ping_status":"closed","template":"","meta":{"footnotes":""},"class_list":["post-6769","page","type-page","status-publish","hentry"],"_links":{"self":[{"href":"https:\/\/referendum.pl\/index.php\/wp-json\/wp\/v2\/pages\/6769","targetHints":{"allow":["GET"]}}],"collection":[{"href":"https:\/\/referendum.pl\/index.php\/wp-json\/wp\/v2\/pages"}],"about":[{"href":"https:\/\/referendum.pl\/index.php\/wp-json\/wp\/v2\/types\/page"}],"author":[{"embeddable":true,"href":"https:\/\/referendum.pl\/index.php\/wp-json\/wp\/v2\/users\/1"}],"replies":[{"embeddable":true,"href":"https:\/\/referendum.pl\/index.php\/wp-json\/wp\/v2\/comments?post=6769"}],"version-history":[{"count":0,"href":"https:\/\/referendum.pl\/index.php\/wp-json\/wp\/v2\/pages\/6769\/revisions"}],"wp:attachment":[{"href":"https:\/\/referendum.pl\/index.php\/wp-json\/wp\/v2\/media?parent=6769"}],"curies":[{"name":"wp","href":"https:\/\/api.w.org\/{rel}","templated":true}]}}